{"id":5646,"date":"2024-01-10T10:10:00","date_gmt":"2024-01-10T08:10:00","guid":{"rendered":"https:\/\/labrugueradepubol.com\/reservation\/"},"modified":"2026-05-07T13:15:39","modified_gmt":"2026-05-07T11:15:39","slug":"reservation","status":"publish","type":"page","link":"https:\/\/labrugueradepubol.com\/fr\/reservation\/","title":{"rendered":"R\u00e9servez"},"content":{"rendered":"\t\t<div data-elementor-type=\"wp-page\" data-elementor-id=\"5646\" class=\"elementor elementor-5646 elementor-1620\" data-elementor-post-type=\"page\">\n\t\t\t\t<div class=\"elementor-element elementor-element-9ec8f84 e-flex e-con-boxed e-con e-parent\" data-id=\"9ec8f84\" data-element_type=\"container\" data-e-type=\"container\" data-settings=\"{&quot;background_background&quot;:&quot;classic&quot;}\">\n\t\t\t\t\t<div class=\"e-con-inner\">\n\t\t\t\t\t<\/div>\n\t\t\t\t<\/div>\n\t\t<div class=\"elementor-element elementor-element-24a88c5 e-con-full e-flex e-con e-parent\" data-id=\"24a88c5\" data-element_type=\"container\" data-e-type=\"container\">\n\t\t\t\t<div class=\"elementor-element elementor-element-efad16f elementor-widget elementor-widget-template\" data-id=\"efad16f\" data-element_type=\"widget\" data-e-type=\"widget\" data-widget_type=\"template.default\">\n\t\t\t\t<div class=\"elementor-widget-container\">\n\t\t\t\t\t\t\t<div class=\"elementor-template\">\n\t\t\t\t\t<div data-elementor-type=\"container\" data-elementor-id=\"5693\" class=\"elementor elementor-5693 elementor-500 elementor-500\" data-elementor-post-type=\"elementor_library\">\n\t\t\t\t<div class=\"elementor-element elementor-element-3344d5ea e-con-full e-flex e-con e-child\" data-id=\"3344d5ea\" data-element_type=\"container\" data-e-type=\"container\" data-settings=\"{&quot;background_background&quot;:&quot;classic&quot;}\">\n\t\t\t\t<div class=\"elementor-element elementor-element-1b9cf58 elementor-widget elementor-widget-html\" data-id=\"1b9cf58\" data-element_type=\"widget\" data-e-type=\"widget\" data-widget_type=\"html.default\">\n\t\t\t\t<div class=\"elementor-widget-container\">\n\t\t\t\t\t<script type=\"text\/javascript\" class=\"\" src=\"https:\/\/cdn.lodgify.com\/portable-search-bar\/1.40.14\/renderPortableSearchBar.js\"><\/script><div id=\"lodgify-search-bar\" data-website-id=\"233336\" data-language-code=\"fr\" data-checkout-page-url=\"https:\/\/checkout.lodgify.com\/mike-duff\/en\/#\/258947\" data-dates-check-in-label=\"Arriv\u00e9e\" data-dates-check-out-label=\"D\u00e9part\" data-guests-counter-label=\"Personnes\" data-guests-input-singular-label=\"{{NumberOfGuests}} personnes\" data-guests-input-plural-label=\"{{NumberOfGuests}} persones\" data-location-input-label=\"Location\" data-search-button-label=\"Chercher\"><\/div><style type=\"text\/css\">\r\nhtml {--lodgify-ui-action-color: #00ab83;--lodgify-ui-action-darker-color: #008969;--lodgify-ui-action-lighter-color: #99ddcd;>--lodgify-ui-action-contrast-color: #000000;}<\/style>\t\t\t\t<\/div>\n\t\t\t\t<\/div>\n\t\t\t\t<\/div>\n\t\t\t\t<\/div>\n\t\t\t\t<\/div>\n\t\t\t\t\t\t<\/div>\n\t\t\t\t<\/div>\n\t\t\t\t<\/div>\n\t\t<div class=\"elementor-element elementor-element-4ba8283 e-flex e-con-boxed e-con e-parent\" data-id=\"4ba8283\" data-element_type=\"container\" data-e-type=\"container\">\n\t\t\t\t\t<div class=\"e-con-inner\">\n\t\t\t\t<div class=\"elementor-element elementor-element-82ab05c elementor-widget elementor-widget-heading\" data-id=\"82ab05c\" data-element_type=\"widget\" data-e-type=\"widget\" data-widget_type=\"heading.default\">\n\t\t\t\t<div class=\"elementor-widget-container\">\n\t\t\t\t\t<h2 class=\"elementor-heading-title elementor-size-default\">Planifiez votre s\u00e9jour<\/h2>\t\t\t\t<\/div>\n\t\t\t\t<\/div>\n\t\t<div class=\"elementor-element elementor-element-9b75af7 e-con-full e-grid e-con e-child\" data-id=\"9b75af7\" data-element_type=\"container\" data-e-type=\"container\">\n\t\t<div class=\"elementor-element elementor-element-e2cc70f e-con-full e-flex e-con e-child\" data-id=\"e2cc70f\" data-element_type=\"container\" data-e-type=\"container\" data-settings=\"{&quot;background_background&quot;:&quot;classic&quot;}\">\n\t\t\t\t<div class=\"elementor-element elementor-element-4053699 elementor-widget elementor-widget-heading\" data-id=\"4053699\" data-element_type=\"widget\" data-e-type=\"widget\" data-widget_type=\"heading.default\">\n\t\t\t\t<div class=\"elementor-widget-container\">\n\t\t\t\t\t<span class=\"elementor-heading-title elementor-size-default\">D'octobre \u00e0 juin :<\/span>\t\t\t\t<\/div>\n\t\t\t\t<\/div>\n\t\t\t\t<div class=\"elementor-element elementor-element-64350e5 elementor-widget elementor-widget-heading\" data-id=\"64350e5\" data-element_type=\"widget\" data-e-type=\"widget\" data-widget_type=\"heading.default\">\n\t\t\t\t<div class=\"elementor-widget-container\">\n\t\t\t\t\t<span class=\"elementor-heading-title elementor-size-default\">2 nuits minimum<\/span>\t\t\t\t<\/div>\n\t\t\t\t<\/div>\n\t\t\t\t<div class=\"elementor-element elementor-element-67bd0d0 elementor-widget elementor-widget-image\" data-id=\"67bd0d0\" data-element_type=\"widget\" data-e-type=\"widget\" data-widget_type=\"image.default\">\n\t\t\t\t<div class=\"elementor-widget-container\">\n\t\t\t\t\t\t\t\t\t\t\t\t\t\t\t<img decoding=\"async\" src=\"https:\/\/labrugueradepubol.com\/wp-content\/uploads\/2024\/11\/ico-reserva-2nits.svg\" class=\"attachment-full size-full wp-image-5273\" alt=\"\" \/>\t\t\t\t\t\t\t\t\t\t\t\t\t\t\t<\/div>\n\t\t\t\t<\/div>\n\t\t\t\t<\/div>\n\t\t<div class=\"elementor-element elementor-element-974e681 e-con-full e-flex e-con e-child\" data-id=\"974e681\" data-element_type=\"container\" data-e-type=\"container\" data-settings=\"{&quot;background_background&quot;:&quot;classic&quot;}\">\n\t\t\t\t<div class=\"elementor-element elementor-element-f13cd7f elementor-widget elementor-widget-heading\" data-id=\"f13cd7f\" data-element_type=\"widget\" data-e-type=\"widget\" data-widget_type=\"heading.default\">\n\t\t\t\t<div class=\"elementor-widget-container\">\n\t\t\t\t\t<span class=\"elementor-heading-title elementor-size-default\">De juin \u00e0 octobre :<\/span>\t\t\t\t<\/div>\n\t\t\t\t<\/div>\n\t\t\t\t<div class=\"elementor-element elementor-element-b4c5fba elementor-widget elementor-widget-heading\" data-id=\"b4c5fba\" data-element_type=\"widget\" data-e-type=\"widget\" data-widget_type=\"heading.default\">\n\t\t\t\t<div class=\"elementor-widget-container\">\n\t\t\t\t\t<span class=\"elementor-heading-title elementor-size-default\">7 nuits minimum<\/span>\t\t\t\t<\/div>\n\t\t\t\t<\/div>\n\t\t\t\t<div class=\"elementor-element elementor-element-13fa98a elementor-widget elementor-widget-image\" data-id=\"13fa98a\" data-element_type=\"widget\" data-e-type=\"widget\" data-widget_type=\"image.default\">\n\t\t\t\t<div class=\"elementor-widget-container\">\n\t\t\t\t\t\t\t\t\t\t\t\t\t\t\t<img decoding=\"async\" src=\"https:\/\/labrugueradepubol.com\/wp-content\/uploads\/2024\/11\/ico-reserva-7nits.svg\" class=\"attachment-full size-full wp-image-5276\" alt=\"\" \/>\t\t\t\t\t\t\t\t\t\t\t\t\t\t\t<\/div>\n\t\t\t\t<\/div>\n\t\t\t\t<\/div>\n\t\t<div class=\"elementor-element elementor-element-1e129f3 e-con-full e-flex e-con e-child\" data-id=\"1e129f3\" data-element_type=\"container\" data-e-type=\"container\" data-settings=\"{&quot;background_background&quot;:&quot;classic&quot;}\">\n\t\t\t\t<div class=\"elementor-element elementor-element-2cfe9f4 elementor-widget elementor-widget-heading\" data-id=\"2cfe9f4\" data-element_type=\"widget\" data-e-type=\"widget\" data-widget_type=\"heading.default\">\n\t\t\t\t<div class=\"elementor-widget-container\">\n\t\t\t\t\t<span class=\"elementor-heading-title elementor-size-default\">La Casa (r\u00e9servation minimum)<\/span>\t\t\t\t<\/div>\n\t\t\t\t<\/div>\n\t\t\t\t<div class=\"elementor-element elementor-element-bff2cb1 elementor-widget elementor-widget-heading\" data-id=\"bff2cb1\" data-element_type=\"widget\" data-e-type=\"widget\" data-widget_type=\"heading.default\">\n\t\t\t\t<div class=\"elementor-widget-container\">\n\t\t\t\t\t<span class=\"elementor-heading-title elementor-size-default\">Jusqu\u2019\u00e0 12 personnes<\/span>\t\t\t\t<\/div>\n\t\t\t\t<\/div>\n\t\t\t\t<div class=\"elementor-element elementor-element-98840a1 elementor-widget elementor-widget-image\" data-id=\"98840a1\" data-element_type=\"widget\" data-e-type=\"widget\" data-widget_type=\"image.default\">\n\t\t\t\t<div class=\"elementor-widget-container\">\n\t\t\t\t\t\t\t\t\t\t\t\t\t\t\t<img decoding=\"async\" src=\"https:\/\/labrugueradepubol.com\/wp-content\/uploads\/2024\/11\/ico-reserva-casa.svg\" class=\"attachment-full size-full wp-image-5282\" alt=\"\" \/>\t\t\t\t\t\t\t\t\t\t\t\t\t\t\t<\/div>\n\t\t\t\t<\/div>\n\t\t\t\t<\/div>\n\t\t<div class=\"elementor-element elementor-element-3d1ccb3 e-con-full e-flex e-con e-child\" data-id=\"3d1ccb3\" data-element_type=\"container\" data-e-type=\"container\" data-settings=\"{&quot;background_background&quot;:&quot;classic&quot;}\">\n\t\t\t\t<div class=\"elementor-element elementor-element-b41a436 elementor-widget elementor-widget-heading\" data-id=\"b41a436\" data-element_type=\"widget\" data-e-type=\"widget\" data-widget_type=\"heading.default\">\n\t\t\t\t<div class=\"elementor-widget-container\">\n\t\t\t\t\t<span class=\"elementor-heading-title elementor-size-default\">La Casa + l\u2019Appart\u2019 (ajout)<\/span>\t\t\t\t<\/div>\n\t\t\t\t<\/div>\n\t\t\t\t<div class=\"elementor-element elementor-element-f50062f elementor-widget elementor-widget-heading\" data-id=\"f50062f\" data-element_type=\"widget\" data-e-type=\"widget\" data-widget_type=\"heading.default\">\n\t\t\t\t<div class=\"elementor-widget-container\">\n\t\t\t\t\t<span class=\"elementor-heading-title elementor-size-default\">13 \u2013 20 personnes<\/span>\t\t\t\t<\/div>\n\t\t\t\t<\/div>\n\t\t\t\t<div class=\"elementor-element elementor-element-c773110 elementor-widget elementor-widget-image\" data-id=\"c773110\" data-element_type=\"widget\" data-e-type=\"widget\" data-widget_type=\"image.default\">\n\t\t\t\t<div class=\"elementor-widget-container\">\n\t\t\t\t\t\t\t\t\t\t\t\t\t\t\t<img decoding=\"async\" src=\"https:\/\/labrugueradepubol.com\/wp-content\/uploads\/2024\/11\/ico-reserva-casa-taller.svg\" class=\"attachment-full size-full wp-image-5279\" alt=\"\" \/>\t\t\t\t\t\t\t\t\t\t\t\t\t\t\t<\/div>\n\t\t\t\t<\/div>\n\t\t\t\t<\/div>\n\t\t<div class=\"elementor-element elementor-element-35d6df6 e-con-full e-flex e-con e-child\" data-id=\"35d6df6\" data-element_type=\"container\" data-e-type=\"container\" data-settings=\"{&quot;background_background&quot;:&quot;classic&quot;}\">\n\t\t\t\t<div class=\"elementor-element elementor-element-aba8eeb elementor-widget elementor-widget-heading\" data-id=\"aba8eeb\" data-element_type=\"widget\" data-e-type=\"widget\" data-widget_type=\"heading.default\">\n\t\t\t\t<div class=\"elementor-widget-container\">\n\t\t\t\t\t<span class=\"elementor-heading-title elementor-size-default\">Salle de Yoga (ajout)<\/span>\t\t\t\t<\/div>\n\t\t\t\t<\/div>\n\t\t\t\t<div class=\"elementor-element elementor-element-2e6e2d6 elementor-widget elementor-widget-heading\" data-id=\"2e6e2d6\" data-element_type=\"widget\" data-e-type=\"widget\" data-widget_type=\"heading.default\">\n\t\t\t\t<div class=\"elementor-widget-container\">\n\t\t\t\t\t<span class=\"elementor-heading-title elementor-size-default\">pour yoga, presentations, etc<\/span>\t\t\t\t<\/div>\n\t\t\t\t<\/div>\n\t\t\t\t<div class=\"elementor-element elementor-element-f76c32e elementor-widget elementor-widget-image\" data-id=\"f76c32e\" data-element_type=\"widget\" data-e-type=\"widget\" data-widget_type=\"image.default\">\n\t\t\t\t<div class=\"elementor-widget-container\">\n\t\t\t\t\t\t\t\t\t\t\t\t\t\t\t<img decoding=\"async\" src=\"https:\/\/labrugueradepubol.com\/wp-content\/uploads\/2025\/06\/ico-reserva-sala.svg\" class=\"attachment-full size-full wp-image-5961\" alt=\"\" \/>\t\t\t\t\t\t\t\t\t\t\t\t\t\t\t<\/div>\n\t\t\t\t<\/div>\n\t\t\t\t<\/div>\n\t\t\t\t<\/div>\n\t\t\t\t\t<\/div>\n\t\t\t\t<\/div>\n\t\t<div class=\"elementor-element elementor-element-d807fe6 e-flex e-con-boxed e-con e-parent\" data-id=\"d807fe6\" data-element_type=\"container\" data-e-type=\"container\">\n\t\t\t\t\t<div class=\"e-con-inner\">\n\t\t\t\t<div class=\"elementor-element elementor-element-bd0ac20 elementor-widget elementor-widget-image\" data-id=\"bd0ac20\" data-element_type=\"widget\" data-e-type=\"widget\" data-widget_type=\"image.default\">\n\t\t\t\t<div class=\"elementor-widget-container\">\n\t\t\t\t\t\t\t\t\t\t\t\t\t\t\t<img decoding=\"async\" width=\"102\" height=\"64\" src=\"https:\/\/labrugueradepubol.com\/wp-content\/uploads\/2023\/11\/ico-mail.svg\" class=\"attachment-full size-full wp-image-3812\" alt=\"\" \/>\t\t\t\t\t\t\t\t\t\t\t\t\t\t\t<\/div>\n\t\t\t\t<\/div>\n\t\t\t\t<div class=\"elementor-element elementor-element-e720d98 elementor-widget__width-initial elementor-widget elementor-widget-text-editor\" data-id=\"e720d98\" data-element_type=\"widget\" data-e-type=\"widget\" data-widget_type=\"text-editor.default\">\n\t\t\t\t<div class=\"elementor-widget-container\">\n\t\t\t\t\t\t\t\t\t<p style=\"text-align: center;\">Contactez-nous en cas de doute ou de question. Si vous connaissez d\u00e9j\u00e0 l&rsquo;h\u00e9bergement qui vous convient, r\u00e9servez d\u00e8s maintenant.<\/p>\n\t\t\t\t\t\t\t\t<\/div>\n\t\t\t\t<\/div>\n\t\t<div class=\"elementor-element elementor-element-d892b79 e-con-full e-flex e-con e-child\" data-id=\"d892b79\" data-element_type=\"container\" data-e-type=\"container\">\n\t\t\t\t<div class=\"elementor-element elementor-element-a0c4cd8 elementor-align-center elementor-widget elementor-widget-button\" data-id=\"a0c4cd8\" data-element_type=\"widget\" data-e-type=\"widget\" data-widget_type=\"button.default\">\n\t\t\t\t<div class=\"elementor-widget-container\">\n\t\t\t\t\t\t\t\t\t<div class=\"elementor-button-wrapper\">\n\t\t\t\t\t<a class=\"elementor-button elementor-button-link elementor-size-sm\" href=\"https:\/\/labrugueradepubol.com\/fr\/contactez-nous\/\">\n\t\t\t\t\t\t<span class=\"elementor-button-content-wrapper\">\n\t\t\t\t\t\t\t\t\t<span class=\"elementor-button-text\">Contactez-nous<\/span>\n\t\t\t\t\t<\/span>\n\t\t\t\t\t<\/a>\n\t\t\t\t<\/div>\n\t\t\t\t\t\t\t\t<\/div>\n\t\t\t\t<\/div>\n\t\t\t\t<div class=\"elementor-element elementor-element-992d95a elementor-align-center elementor-widget elementor-widget-button\" data-id=\"992d95a\" data-element_type=\"widget\" data-e-type=\"widget\" data-widget_type=\"button.default\">\n\t\t\t\t<div class=\"elementor-widget-container\">\n\t\t\t\t\t\t\t\t\t<div class=\"elementor-button-wrapper\">\n\t\t\t\t\t<a class=\"elementor-button elementor-button-link elementor-size-sm\" href=\"https:\/\/checkout.lodgify.com\/mike-duff\/258947\/reservation?currency=EUR&#038;adults=1\">\n\t\t\t\t\t\t<span class=\"elementor-button-content-wrapper\">\n\t\t\t\t\t\t\t\t\t<span class=\"elementor-button-text\">R\u00e9servez<\/span>\n\t\t\t\t\t<\/span>\n\t\t\t\t\t<\/a>\n\t\t\t\t<\/div>\n\t\t\t\t\t\t\t\t<\/div>\n\t\t\t\t<\/div>\n\t\t\t\t<\/div>\n\t\t\t\t\t<\/div>\n\t\t\t\t<\/div>\n\t\t\t\t<\/div>\n\t\t","protected":false},"excerpt":{"rendered":"<p>Planifiez votre s\u00e9jour D&rsquo;octobre \u00e0 juin : 2 nuits minimum De juin \u00e0 octobre : 7 nuits minimum La Casa (r\u00e9servation minimum) Jusqu\u2019\u00e0 12 personnes La Casa + l\u2019Appart\u2019 (ajout) 13 \u2013 20 personnes Salle de Yoga (ajout) pour yoga, presentations, etc Contactez-nous en cas de doute ou de question. Si vous connaissez d\u00e9j\u00e0 l&rsquo;h\u00e9bergement [&hellip;]<\/p>\n","protected":false},"author":1,"featured_media":0,"parent":0,"menu_order":0,"comment_status":"closed","ping_status":"closed","template":"elementor_header_footer","meta":{"_acf_changed":false,"footnotes":""},"class_list":["post-5646","page","type-page","status-publish","hentry"],"acf":[],"yoast_head":"<!-- This site is optimized with the Yoast SEO plugin v27.6 - https:\/\/yoast.com\/product\/yoast-seo-wordpress\/ -->\n<title>R\u00e9servez La Bruguera de P\u00fabol<\/title>\n<meta name=\"description\" content=\"Nos places sont limit\u00e9es et tr\u00e8s demand\u00e9es. R\u00e9servez La Bruguera d\u00e8s maintenant pour \u00eatre s\u00fbr(e) d&#039;obtenir les dates de votre choix\u00a0!\" \/>\n<meta name=\"robots\" content=\"index, follow, max-snippet:-1, max-image-preview:large, max-video-preview:-1\" \/>\n<link rel=\"canonical\" href=\"https:\/\/labrugueradepubol.com\/fr\/reservation\/\" \/>\n<meta property=\"og:locale\" content=\"fr_FR\" \/>\n<meta property=\"og:type\" content=\"article\" \/>\n<meta property=\"og:title\" content=\"R\u00e9servez La Bruguera de P\u00fabol\" \/>\n<meta property=\"og:description\" content=\"Nos places sont limit\u00e9es et tr\u00e8s demand\u00e9es. R\u00e9servez La Bruguera d\u00e8s maintenant pour \u00eatre s\u00fbr(e) d&#039;obtenir les dates de votre choix\u00a0!\" \/>\n<meta property=\"og:url\" content=\"https:\/\/labrugueradepubol.com\/fr\/reservation\/\" \/>\n<meta property=\"og:site_name\" content=\"La Bruguera de Pubol\" \/>\n<meta property=\"article:publisher\" content=\"https:\/\/www.facebook.com\/labrugueradepubol\/\" \/>\n<meta property=\"article:modified_time\" content=\"2026-05-07T11:15:39+00:00\" \/>\n<meta property=\"og:image\" content=\"https:\/\/labrugueradepubol.com\/wp-content\/uploads\/2024\/11\/ico-reserva-2nits.svg\" \/>\n<meta name=\"twitter:card\" content=\"summary_large_image\" \/>\n<script type=\"application\/ld+json\" class=\"yoast-schema-graph\">{\"@context\":\"https:\\\/\\\/schema.org\",\"@graph\":[{\"@type\":\"WebPage\",\"@id\":\"https:\\\/\\\/labrugueradepubol.com\\\/fr\\\/reservation\\\/\",\"url\":\"https:\\\/\\\/labrugueradepubol.com\\\/fr\\\/reservation\\\/\",\"name\":\"R\u00e9servez La Bruguera de P\u00fabol\",\"isPartOf\":{\"@id\":\"https:\\\/\\\/labrugueradepubol.com\\\/#website\"},\"primaryImageOfPage\":{\"@id\":\"https:\\\/\\\/labrugueradepubol.com\\\/fr\\\/reservation\\\/#primaryimage\"},\"image\":{\"@id\":\"https:\\\/\\\/labrugueradepubol.com\\\/fr\\\/reservation\\\/#primaryimage\"},\"thumbnailUrl\":\"https:\\\/\\\/labrugueradepubol.com\\\/wp-content\\\/uploads\\\/2024\\\/11\\\/ico-reserva-2nits.svg\",\"datePublished\":\"2024-01-10T08:10:00+00:00\",\"dateModified\":\"2026-05-07T11:15:39+00:00\",\"description\":\"Nos places sont limit\u00e9es et tr\u00e8s demand\u00e9es. R\u00e9servez La Bruguera d\u00e8s maintenant pour \u00eatre s\u00fbr(e) d'obtenir les dates de votre choix\u00a0!\",\"breadcrumb\":{\"@id\":\"https:\\\/\\\/labrugueradepubol.com\\\/fr\\\/reservation\\\/#breadcrumb\"},\"inLanguage\":\"fr-FR\",\"potentialAction\":[{\"@type\":\"ReadAction\",\"target\":[\"https:\\\/\\\/labrugueradepubol.com\\\/fr\\\/reservation\\\/\"]}]},{\"@type\":\"ImageObject\",\"inLanguage\":\"fr-FR\",\"@id\":\"https:\\\/\\\/labrugueradepubol.com\\\/fr\\\/reservation\\\/#primaryimage\",\"url\":\"https:\\\/\\\/labrugueradepubol.com\\\/wp-content\\\/uploads\\\/2024\\\/11\\\/ico-reserva-2nits.svg\",\"contentUrl\":\"https:\\\/\\\/labrugueradepubol.com\\\/wp-content\\\/uploads\\\/2024\\\/11\\\/ico-reserva-2nits.svg\"},{\"@type\":\"BreadcrumbList\",\"@id\":\"https:\\\/\\\/labrugueradepubol.com\\\/fr\\\/reservation\\\/#breadcrumb\",\"itemListElement\":[{\"@type\":\"ListItem\",\"position\":1,\"name\":\"Inici\",\"item\":\"https:\\\/\\\/labrugueradepubol.com\\\/\"},{\"@type\":\"ListItem\",\"position\":2,\"name\":\"R\u00e9servez\"}]},{\"@type\":\"WebSite\",\"@id\":\"https:\\\/\\\/labrugueradepubol.com\\\/#website\",\"url\":\"https:\\\/\\\/labrugueradepubol.com\\\/\",\"name\":\"La Bruguera de Pubol\",\"description\":\"\",\"publisher\":{\"@id\":\"https:\\\/\\\/labrugueradepubol.com\\\/#organization\"},\"potentialAction\":[{\"@type\":\"SearchAction\",\"target\":{\"@type\":\"EntryPoint\",\"urlTemplate\":\"https:\\\/\\\/labrugueradepubol.com\\\/?s={search_term_string}\"},\"query-input\":{\"@type\":\"PropertyValueSpecification\",\"valueRequired\":true,\"valueName\":\"search_term_string\"}}],\"inLanguage\":\"fr-FR\"},{\"@type\":\"Organization\",\"@id\":\"https:\\\/\\\/labrugueradepubol.com\\\/#organization\",\"name\":\"La Bruguera de Pubol\",\"url\":\"https:\\\/\\\/labrugueradepubol.com\\\/\",\"logo\":{\"@type\":\"ImageObject\",\"inLanguage\":\"fr-FR\",\"@id\":\"https:\\\/\\\/labrugueradepubol.com\\\/#\\\/schema\\\/logo\\\/image\\\/\",\"url\":\"https:\\\/\\\/labrugueradepubol.com\\\/wp-content\\\/uploads\\\/2023\\\/11\\\/logo-labruguera-min.svg\",\"contentUrl\":\"https:\\\/\\\/labrugueradepubol.com\\\/wp-content\\\/uploads\\\/2023\\\/11\\\/logo-labruguera-min.svg\",\"width\":760,\"height\":218,\"caption\":\"La Bruguera de Pubol\"},\"image\":{\"@id\":\"https:\\\/\\\/labrugueradepubol.com\\\/#\\\/schema\\\/logo\\\/image\\\/\"},\"sameAs\":[\"https:\\\/\\\/www.facebook.com\\\/labrugueradepubol\\\/\",\"https:\\\/\\\/www.instagram.com\\\/labrugueradepubol\\\/\",\"https:\\\/\\\/www.youtube.com\\\/@labrugueradepubol134\",\"https:\\\/\\\/www.linkedin.com\\\/company\\\/labrugueradepubol\\\/\"]}]}<\/script>\n<!-- \/ Yoast SEO plugin. -->","yoast_head_json":{"title":"R\u00e9servez La Bruguera de P\u00fabol","description":"Nos places sont limit\u00e9es et tr\u00e8s demand\u00e9es. R\u00e9servez La Bruguera d\u00e8s maintenant pour \u00eatre s\u00fbr(e) d'obtenir les dates de votre choix\u00a0!","robots":{"index":"index","follow":"follow","max-snippet":"max-snippet:-1","max-image-preview":"max-image-preview:large","max-video-preview":"max-video-preview:-1"},"canonical":"https:\/\/labrugueradepubol.com\/fr\/reservation\/","og_locale":"fr_FR","og_type":"article","og_title":"R\u00e9servez La Bruguera de P\u00fabol","og_description":"Nos places sont limit\u00e9es et tr\u00e8s demand\u00e9es. R\u00e9servez La Bruguera d\u00e8s maintenant pour \u00eatre s\u00fbr(e) d'obtenir les dates de votre choix\u00a0!","og_url":"https:\/\/labrugueradepubol.com\/fr\/reservation\/","og_site_name":"La Bruguera de Pubol","article_publisher":"https:\/\/www.facebook.com\/labrugueradepubol\/","article_modified_time":"2026-05-07T11:15:39+00:00","og_image":[{"url":"https:\/\/labrugueradepubol.com\/wp-content\/uploads\/2024\/11\/ico-reserva-2nits.svg","type":"","width":"","height":""}],"twitter_card":"summary_large_image","schema":{"@context":"https:\/\/schema.org","@graph":[{"@type":"WebPage","@id":"https:\/\/labrugueradepubol.com\/fr\/reservation\/","url":"https:\/\/labrugueradepubol.com\/fr\/reservation\/","name":"R\u00e9servez La Bruguera de P\u00fabol","isPartOf":{"@id":"https:\/\/labrugueradepubol.com\/#website"},"primaryImageOfPage":{"@id":"https:\/\/labrugueradepubol.com\/fr\/reservation\/#primaryimage"},"image":{"@id":"https:\/\/labrugueradepubol.com\/fr\/reservation\/#primaryimage"},"thumbnailUrl":"https:\/\/labrugueradepubol.com\/wp-content\/uploads\/2024\/11\/ico-reserva-2nits.svg","datePublished":"2024-01-10T08:10:00+00:00","dateModified":"2026-05-07T11:15:39+00:00","description":"Nos places sont limit\u00e9es et tr\u00e8s demand\u00e9es. R\u00e9servez La Bruguera d\u00e8s maintenant pour \u00eatre s\u00fbr(e) d'obtenir les dates de votre choix\u00a0!","breadcrumb":{"@id":"https:\/\/labrugueradepubol.com\/fr\/reservation\/#breadcrumb"},"inLanguage":"fr-FR","potentialAction":[{"@type":"ReadAction","target":["https:\/\/labrugueradepubol.com\/fr\/reservation\/"]}]},{"@type":"ImageObject","inLanguage":"fr-FR","@id":"https:\/\/labrugueradepubol.com\/fr\/reservation\/#primaryimage","url":"https:\/\/labrugueradepubol.com\/wp-content\/uploads\/2024\/11\/ico-reserva-2nits.svg","contentUrl":"https:\/\/labrugueradepubol.com\/wp-content\/uploads\/2024\/11\/ico-reserva-2nits.svg"},{"@type":"BreadcrumbList","@id":"https:\/\/labrugueradepubol.com\/fr\/reservation\/#breadcrumb","itemListElement":[{"@type":"ListItem","position":1,"name":"Inici","item":"https:\/\/labrugueradepubol.com\/"},{"@type":"ListItem","position":2,"name":"R\u00e9servez"}]},{"@type":"WebSite","@id":"https:\/\/labrugueradepubol.com\/#website","url":"https:\/\/labrugueradepubol.com\/","name":"La Bruguera de Pubol","description":"","publisher":{"@id":"https:\/\/labrugueradepubol.com\/#organization"},"potentialAction":[{"@type":"SearchAction","target":{"@type":"EntryPoint","urlTemplate":"https:\/\/labrugueradepubol.com\/?s={search_term_string}"},"query-input":{"@type":"PropertyValueSpecification","valueRequired":true,"valueName":"search_term_string"}}],"inLanguage":"fr-FR"},{"@type":"Organization","@id":"https:\/\/labrugueradepubol.com\/#organization","name":"La Bruguera de Pubol","url":"https:\/\/labrugueradepubol.com\/","logo":{"@type":"ImageObject","inLanguage":"fr-FR","@id":"https:\/\/labrugueradepubol.com\/#\/schema\/logo\/image\/","url":"https:\/\/labrugueradepubol.com\/wp-content\/uploads\/2023\/11\/logo-labruguera-min.svg","contentUrl":"https:\/\/labrugueradepubol.com\/wp-content\/uploads\/2023\/11\/logo-labruguera-min.svg","width":760,"height":218,"caption":"La Bruguera de Pubol"},"image":{"@id":"https:\/\/labrugueradepubol.com\/#\/schema\/logo\/image\/"},"sameAs":["https:\/\/www.facebook.com\/labrugueradepubol\/","https:\/\/www.instagram.com\/labrugueradepubol\/","https:\/\/www.youtube.com\/@labrugueradepubol134","https:\/\/www.linkedin.com\/company\/labrugueradepubol\/"]}]}},"_links":{"self":[{"href":"https:\/\/labrugueradepubol.com\/fr\/wp-json\/wp\/v2\/pages\/5646","targetHints":{"allow":["GET"]}}],"collection":[{"href":"https:\/\/labrugueradepubol.com\/fr\/wp-json\/wp\/v2\/pages"}],"about":[{"href":"https:\/\/labrugueradepubol.com\/fr\/wp-json\/wp\/v2\/types\/page"}],"author":[{"embeddable":true,"href":"https:\/\/labrugueradepubol.com\/fr\/wp-json\/wp\/v2\/users\/1"}],"replies":[{"embeddable":true,"href":"https:\/\/labrugueradepubol.com\/fr\/wp-json\/wp\/v2\/comments?post=5646"}],"version-history":[{"count":0,"href":"https:\/\/labrugueradepubol.com\/fr\/wp-json\/wp\/v2\/pages\/5646\/revisions"}],"wp:attachment":[{"href":"https:\/\/labrugueradepubol.com\/fr\/wp-json\/wp\/v2\/media?parent=5646"}],"curies":[{"name":"wp","href":"https:\/\/api.w.org\/{rel}","templated":true}]}}