{"id":5644,"date":"2024-01-10T10:10:13","date_gmt":"2024-01-10T08:10:13","guid":{"rendered":"https:\/\/labrugueradepubol.com\/contactez-nous\/"},"modified":"2026-05-12T13:22:01","modified_gmt":"2026-05-12T11:22:01","slug":"contactez-nous","status":"publish","type":"page","link":"https:\/\/labrugueradepubol.com\/fr\/contactez-nous\/","title":{"rendered":"Contactez-nous"},"content":{"rendered":"\t\t<div data-elementor-type=\"wp-page\" data-elementor-id=\"5644\" class=\"elementor elementor-5644 elementor-1519\" data-elementor-post-type=\"page\">\n\t\t\t\t<div class=\"elementor-element elementor-element-6fe83d2 e-flex e-con-boxed e-con e-parent\" data-id=\"6fe83d2\" data-element_type=\"container\" data-e-type=\"container\" data-settings=\"{&quot;background_background&quot;:&quot;classic&quot;}\">\n\t\t\t\t\t<div class=\"e-con-inner\">\n\t\t\t\t\t<\/div>\n\t\t\t\t<\/div>\n\t\t<div class=\"elementor-element elementor-element-e74eecc e-flex e-con-boxed e-con e-parent\" data-id=\"e74eecc\" data-element_type=\"container\" data-e-type=\"container\">\n\t\t\t\t\t<div class=\"e-con-inner\">\n\t\t\t\t<div class=\"elementor-element elementor-element-50a4b53 elementor-widget elementor-widget-heading\" data-id=\"50a4b53\" data-element_type=\"widget\" data-e-type=\"widget\" data-widget_type=\"heading.default\">\n\t\t\t\t<div class=\"elementor-widget-container\">\n\t\t\t\t\t<h2 class=\"elementor-heading-title elementor-size-default\">Contactez-nous<\/h2>\t\t\t\t<\/div>\n\t\t\t\t<\/div>\n\t\t\t\t<div class=\"elementor-element elementor-element-85e2dc6 elementor-widget elementor-widget-heading\" data-id=\"85e2dc6\" data-element_type=\"widget\" data-e-type=\"widget\" data-widget_type=\"heading.default\">\n\t\t\t\t<div class=\"elementor-widget-container\">\n\t\t\t\t\t<h1 class=\"elementor-heading-title elementor-size-default\">Parlons<\/h1>\t\t\t\t<\/div>\n\t\t\t\t<\/div>\n\t\t\t\t\t<\/div>\n\t\t\t\t<\/div>\n\t\t<div class=\"elementor-element elementor-element-50a11ef e-flex e-con-boxed e-con e-parent\" data-id=\"50a11ef\" data-element_type=\"container\" data-e-type=\"container\">\n\t\t\t\t\t<div class=\"e-con-inner\">\n\t\t\t\t<div class=\"elementor-element elementor-element-fad957e elementor-widget__width-initial elementor-widget elementor-widget-text-editor\" data-id=\"fad957e\" data-element_type=\"widget\" data-e-type=\"widget\" data-widget_type=\"text-editor.default\">\n\t\t\t\t<div class=\"elementor-widget-container\">\n\t\t\t\t\t\t\t\t\t<h5>Adresse<\/h5>\n<p>La Bruguera de P\u00fabol<br \/>17120 P\u00fabol (La Pera)<br \/>G\u00e9rone, Espagne<br \/>42.005075, 2.989359<\/p>\n<h5>T\u00e9l\u00e9phone<\/h5>\n<p><a href=\"tel:+34630802901\">+34 630802901<\/a> Mike (ENG, CAT, ESP, FRA)<br \/><a href=\"tel:+34638118569\">+34 638118569<\/a> Michelle (ENG, CAT)<\/p>\n<h5>E-mail<\/h5>\n<p><a href=\"mailto:relax@labrugueradepubol.com\">relax@labrugueradepubol.com<\/a><\/p>\n\t\t\t\t\t\t\t\t<\/div>\n\t\t\t\t<\/div>\n\t\t\t\t<div class=\"elementor-element elementor-element-4589727 elementor-widget elementor-widget-template\" data-id=\"4589727\" data-element_type=\"widget\" data-e-type=\"widget\" data-widget_type=\"template.default\">\n\t\t\t\t<div class=\"elementor-widget-container\">\n\t\t\t\t\t\t\t<div class=\"elementor-template\">\n\t\t\t\t\t<div data-elementor-type=\"container\" data-elementor-id=\"5675\" class=\"elementor elementor-5675 elementor-1528 elementor-1528\" data-elementor-post-type=\"elementor_library\">\n\t\t\t\t<div class=\"elementor-element elementor-element-6f1ea3ae e-flex e-con-boxed e-con e-child\" data-id=\"6f1ea3ae\" data-element_type=\"container\" data-e-type=\"container\" data-settings=\"{&quot;background_background&quot;:&quot;classic&quot;}\">\n\t\t\t\t\t<div class=\"e-con-inner\">\n\t\t\t\t<div class=\"elementor-element elementor-element-40b2607d elementor-widget elementor-widget-text-editor\" data-id=\"40b2607d\" data-element_type=\"widget\" data-e-type=\"widget\" data-widget_type=\"text-editor.default\">\n\t\t\t\t<div class=\"elementor-widget-container\">\n\t\t\t\t\t\t\t\t\t<h2>Abonnez-vous \u00e0 notre newsletter<\/h2>\n<h4> Ne manquez pas nos nouveaut\u00e9s, promotions et contenus exclusifs !<\/h4>\n\t\t\t\t\t\t\t\t<\/div>\n\t\t\t\t<\/div>\n\t\t\t\t<div class=\"elementor-element elementor-element-394693cc elementor-align-center elementor-widget elementor-widget-button\" data-id=\"394693cc\" data-element_type=\"widget\" data-e-type=\"widget\" data-widget_type=\"button.default\">\n\t\t\t\t<div class=\"elementor-widget-container\">\n\t\t\t\t\t\t\t\t\t<div class=\"elementor-button-wrapper\">\n\t\t\t\t\t<a class=\"elementor-button elementor-button-link elementor-size-sm\" href=\"#elementor-action%3Aaction%3Dpopup%3Aopen%26settings%3DeyJpZCI6NTY3MSwidG9nZ2xlIjpmYWxzZX0%3D\">\n\t\t\t\t\t\t<span class=\"elementor-button-content-wrapper\">\n\t\t\t\t\t\t\t\t\t<span class=\"elementor-button-text\">S'abonner<\/span>\n\t\t\t\t\t<\/span>\n\t\t\t\t\t<\/a>\n\t\t\t\t<\/div>\n\t\t\t\t\t\t\t\t<\/div>\n\t\t\t\t<\/div>\n\t\t\t\t\t<\/div>\n\t\t\t\t<\/div>\n\t\t\t\t<\/div>\n\t\t\t\t<\/div>\n\t\t\t\t\t\t<\/div>\n\t\t\t\t<\/div>\n\t\t\t\t\t<\/div>\n\t\t\t\t<\/div>\n\t\t<div class=\"elementor-element elementor-element-6a21e98 e-con-full e-flex e-con e-parent\" data-id=\"6a21e98\" data-element_type=\"container\" data-e-type=\"container\" data-settings=\"{&quot;background_background&quot;:&quot;classic&quot;}\">\n\t\t\t\t<div class=\"elementor-element elementor-element-e4a49a0 elementor-widget elementor-widget-image\" data-id=\"e4a49a0\" data-element_type=\"widget\" data-e-type=\"widget\" data-widget_type=\"image.default\">\n\t\t\t\t<div class=\"elementor-widget-container\">\n\t\t\t\t\t\t\t\t\t\t\t\t\t\t\t<img decoding=\"async\" width=\"102\" height=\"64\" src=\"https:\/\/labrugueradepubol.com\/wp-content\/uploads\/2023\/11\/ico-mail.svg\" class=\"attachment-full size-full wp-image-3812\" alt=\"\" \/>\t\t\t\t\t\t\t\t\t\t\t\t\t\t\t<\/div>\n\t\t\t\t<\/div>\n\t\t\t\t<div class=\"elementor-element elementor-element-3ce1302 elementor-widget elementor-widget-heading\" data-id=\"3ce1302\" data-element_type=\"widget\" data-e-type=\"widget\" data-widget_type=\"heading.default\">\n\t\t\t\t<div class=\"elementor-widget-container\">\n\t\t\t\t\t<p class=\"elementor-heading-title elementor-size-default\">Si avez besoin de plus d'informations, contactez-nous au :<\/p>\t\t\t\t<\/div>\n\t\t\t\t<\/div>\n\t\t\t\t<div class=\"elementor-element elementor-element-28c80fe elementor-widget__width-initial elementor-button-align-start elementor-widget elementor-widget-form\" data-id=\"28c80fe\" data-element_type=\"widget\" data-e-type=\"widget\" data-settings=\"{&quot;step_next_label&quot;:&quot;Suivant&quot;,&quot;step_previous_label&quot;:&quot;Pr\\u00e9c\\u00e9dent&quot;,&quot;button_width&quot;:&quot;100&quot;,&quot;step_type&quot;:&quot;number_text&quot;,&quot;step_icon_shape&quot;:&quot;circle&quot;}\" data-widget_type=\"form.default\">\n\t\t\t\t<div class=\"elementor-widget-container\">\n\t\t\t\t\t\t\t<form class=\"elementor-form\" method=\"post\" name=\"Formulaire de contact\" aria-label=\"Formulaire de contact\">\n\t\t\t<input type=\"hidden\" name=\"post_id\" value=\"5644\"\/>\n\t\t\t<input type=\"hidden\" name=\"form_id\" value=\"28c80fe\"\/>\n\t\t\t<input type=\"hidden\" name=\"referer_title\" value=\"Contactez-nous \u00e0 La Bruguera de P\u00fabol\" \/>\n\n\t\t\t\t\t\t\t<input type=\"hidden\" name=\"queried_id\" value=\"5644\"\/>\n\t\t\t\n\t\t\t<div class=\"elementor-form-fields-wrapper elementor-labels-\">\n\t\t\t\t\t\t\t\t<div class=\"elementor-field-type-text elementor-field-group elementor-column elementor-field-group-name elementor-col-100 elementor-field-required\">\n\t\t\t\t\t\t\t\t\t\t\t\t<label for=\"form-field-name\" class=\"elementor-field-label elementor-screen-only\">\n\t\t\t\t\t\t\t\tPR\u00c9NOM\t\t\t\t\t\t\t<\/label>\n\t\t\t\t\t\t\t\t\t\t\t\t\t\t<input size=\"1\" type=\"text\" name=\"form_fields[name]\" id=\"form-field-name\" class=\"elementor-field elementor-size-sm  elementor-field-textual\" placeholder=\"PR\u00c9NOM\" required=\"required\">\n\t\t\t\t\t\t\t\t\t\t\t<\/div>\n\t\t\t\t\t\t\t\t<div class=\"elementor-field-type-text elementor-field-group elementor-column elementor-field-group-field_029dce9 elementor-col-100 elementor-field-required\">\n\t\t\t\t\t\t\t\t\t\t\t\t<label for=\"form-field-field_029dce9\" class=\"elementor-field-label elementor-screen-only\">\n\t\t\t\t\t\t\t\tNom de famille\t\t\t\t\t\t\t<\/label>\n\t\t\t\t\t\t\t\t\t\t\t\t\t\t<input size=\"1\" type=\"text\" name=\"form_fields[field_029dce9]\" id=\"form-field-field_029dce9\" class=\"elementor-field elementor-size-sm  elementor-field-textual\" placeholder=\"NOM DE FAMILLE\" required=\"required\">\n\t\t\t\t\t\t\t\t\t\t\t<\/div>\n\t\t\t\t\t\t\t\t<div class=\"elementor-field-type-email elementor-field-group elementor-column elementor-field-group-email elementor-col-100 elementor-field-required\">\n\t\t\t\t\t\t\t\t\t\t\t\t<label for=\"form-field-email\" class=\"elementor-field-label elementor-screen-only\">\n\t\t\t\t\t\t\t\tE-mail\t\t\t\t\t\t\t<\/label>\n\t\t\t\t\t\t\t\t\t\t\t\t\t\t<input size=\"1\" type=\"email\" name=\"form_fields[email]\" id=\"form-field-email\" class=\"elementor-field elementor-size-sm  elementor-field-textual\" placeholder=\"E-MAIL\" required=\"required\">\n\t\t\t\t\t\t\t\t\t\t\t<\/div>\n\t\t\t\t\t\t\t\t<div class=\"elementor-field-type-tel elementor-field-group elementor-column elementor-field-group-field_6397dd3 elementor-col-100 elementor-field-required\">\n\t\t\t\t\t\t\t\t\t\t\t\t<label for=\"form-field-field_6397dd3\" class=\"elementor-field-label elementor-screen-only\">\n\t\t\t\t\t\t\t\tT\u00e9l\u00e9phone\t\t\t\t\t\t\t<\/label>\n\t\t\t\t\t\t\t\t<input size=\"1\" type=\"tel\" name=\"form_fields[field_6397dd3]\" id=\"form-field-field_6397dd3\" class=\"elementor-field elementor-size-sm  elementor-field-textual\" placeholder=\"T\u00c9L\u00c9PHONE\" required=\"required\" pattern=\"[0-9()#&amp;+*-=.]+\" title=\"Seuls les caract\u00e8res de num\u00e9ros de t\u00e9l\u00e9phone (#, -, *, etc.) sont accept\u00e9s.\">\n\n\t\t\t\t\t\t<\/div>\n\t\t\t\t\t\t\t\t<div class=\"elementor-field-type-textarea elementor-field-group elementor-column elementor-field-group-message elementor-col-100 elementor-field-required\">\n\t\t\t\t\t\t\t\t\t\t\t\t<label for=\"form-field-message\" class=\"elementor-field-label elementor-screen-only\">\n\t\t\t\t\t\t\t\tMessage \t\t\t\t\t\t\t<\/label>\n\t\t\t\t\t\t<textarea class=\"elementor-field-textual elementor-field  elementor-size-sm\" name=\"form_fields[message]\" id=\"form-field-message\" rows=\"4\" placeholder=\"MESSAGE\" required=\"required\"><\/textarea>\t\t\t\t<\/div>\n\t\t\t\t\t\t\t\t<div class=\"elementor-field-type-acceptance elementor-field-group elementor-column elementor-field-group-field_0ecadd2 elementor-col-100 elementor-field-required\">\n\t\t\t\t\t\t\t<div class=\"elementor-field-subgroup\">\n\t\t\t<span class=\"elementor-field-option\">\n\t\t\t\t<input type=\"checkbox\" name=\"form_fields[field_0ecadd2]\" id=\"form-field-field_0ecadd2\" class=\"elementor-field elementor-size-sm  elementor-acceptance-field\" required=\"required\">\n\t\t\t\t<label for=\"form-field-field_0ecadd2\">J'ai lu et accept\u00e9 la politique de protection des donn\u00e9es<\/label>\t\t\t<\/span>\n\t\t<\/div>\n\t\t\t\t\t\t<\/div>\n\t\t\t\t\t\t\t\t<div class=\"elementor-field-group elementor-column elementor-field-type-submit elementor-col-100 e-form__buttons\">\n\t\t\t\t\t<button class=\"elementor-button elementor-size-sm\" type=\"submit\">\n\t\t\t\t\t\t<span class=\"elementor-button-content-wrapper\">\n\t\t\t\t\t\t\t\t\t\t\t\t\t\t\t\t\t\t\t\t\t\t<span class=\"elementor-button-text\">Envoyer<\/span>\n\t\t\t\t\t\t\t\t\t\t\t\t\t<\/span>\n\t\t\t\t\t<\/button>\n\t\t\t\t<\/div>\n\t\t\t<\/div>\n\t\t<\/form>\n\t\t\t\t\t\t<\/div>\n\t\t\t\t<\/div>\n\t\t\t\t<div class=\"elementor-element elementor-element-846ea92 elementor-widget elementor-widget-google_maps\" data-id=\"846ea92\" data-element_type=\"widget\" data-e-type=\"widget\" data-widget_type=\"google_maps.default\">\n\t\t\t\t<div class=\"elementor-widget-container\">\n\t\t\t\t\t\t\t<div class=\"elementor-custom-embed\">\n\t\t\t<iframe loading=\"lazy\"\n\t\t\t\t\tsrc=\"https:\/\/maps.google.com\/maps?q=la%20bruguera%20de%20pubol&#038;t=m&#038;z=13&#038;output=embed&#038;iwloc=near\"\n\t\t\t\t\ttitle=\"la bruguera de pubol\"\n\t\t\t\t\taria-label=\"la bruguera de pubol\"\n\t\t\t><\/iframe>\n\t\t<\/div>\n\t\t\t\t\t\t<\/div>\n\t\t\t\t<\/div>\n\t\t\t\t<\/div>\n\t\t\t\t<\/div>\n\t\t","protected":false},"excerpt":{"rendered":"<p>Parlons Adresse La Bruguera de P\u00fabol17120 P\u00fabol (La Pera)G\u00e9rone, Espagne42.005075, 2.989359 T\u00e9l\u00e9phone +34 630802901 Mike (ENG, CAT, ESP, FRA)+34 638118569 Michelle (ENG, CAT) E-mail relax@labrugueradepubol.com Si avez besoin de plus d&rsquo;informations, contactez-nous au :<\/p>\n","protected":false},"author":1,"featured_media":0,"parent":0,"menu_order":0,"comment_status":"closed","ping_status":"closed","template":"elementor_header_footer","meta":{"_acf_changed":false,"footnotes":""},"class_list":["post-5644","page","type-page","status-publish","hentry"],"acf":[],"yoast_head":"<!-- This site is optimized with the Yoast SEO plugin v27.6 - https:\/\/yoast.com\/product\/yoast-seo-wordpress\/ -->\n<title>Contactez-nous \u00e0 La Bruguera de P\u00fabol<\/title>\n<meta name=\"description\" content=\"Contactez-nous \u00e0 La Bruguera de P\u00fabol par Whatsapp, e-mail ou t\u00e9l\u00e9phone pour planifiez votre s\u00e9jour inoubliable sur la Costa Brava de G\u00e9rone.\" \/>\n<meta name=\"robots\" content=\"index, follow, max-snippet:-1, max-image-preview:large, max-video-preview:-1\" \/>\n<link rel=\"canonical\" href=\"https:\/\/labrugueradepubol.com\/contacteu-amb-nosaltres\/\" \/>\n<meta property=\"og:locale\" content=\"fr_FR\" \/>\n<meta property=\"og:type\" content=\"article\" \/>\n<meta property=\"og:title\" content=\"Contactez-nous \u00e0 La Bruguera de P\u00fabol\" \/>\n<meta property=\"og:description\" content=\"Contactez-nous \u00e0 La Bruguera de P\u00fabol par Whatsapp, e-mail ou t\u00e9l\u00e9phone pour planifiez votre s\u00e9jour inoubliable sur la Costa Brava de G\u00e9rone.\" \/>\n<meta property=\"og:url\" content=\"https:\/\/labrugueradepubol.com\/contacteu-amb-nosaltres\/\" \/>\n<meta property=\"og:site_name\" content=\"La Bruguera de Pubol\" \/>\n<meta property=\"article:publisher\" content=\"https:\/\/www.facebook.com\/labrugueradepubol\/\" \/>\n<meta property=\"article:modified_time\" content=\"2026-05-12T11:22:01+00:00\" \/>\n<meta name=\"twitter:card\" content=\"summary_large_image\" \/>\n<script type=\"application\/ld+json\" class=\"yoast-schema-graph\">{\"@context\":\"https:\\\/\\\/schema.org\",\"@graph\":[{\"@type\":\"WebPage\",\"@id\":\"https:\\\/\\\/labrugueradepubol.com\\\/contacteu-amb-nosaltres\\\/\",\"url\":\"https:\\\/\\\/labrugueradepubol.com\\\/contacteu-amb-nosaltres\\\/\",\"name\":\"Contactez-nous \u00e0 La Bruguera de P\u00fabol\",\"isPartOf\":{\"@id\":\"https:\\\/\\\/labrugueradepubol.com\\\/#website\"},\"primaryImageOfPage\":{\"@id\":\"https:\\\/\\\/labrugueradepubol.com\\\/contacteu-amb-nosaltres\\\/#primaryimage\"},\"image\":{\"@id\":\"https:\\\/\\\/labrugueradepubol.com\\\/contacteu-amb-nosaltres\\\/#primaryimage\"},\"thumbnailUrl\":\"https:\\\/\\\/labrugueradepubol.com\\\/wp-content\\\/uploads\\\/2023\\\/11\\\/ico-mail.svg\",\"datePublished\":\"2024-01-10T08:10:13+00:00\",\"dateModified\":\"2026-05-12T11:22:01+00:00\",\"description\":\"Contactez-nous \u00e0 La Bruguera de P\u00fabol par Whatsapp, e-mail ou t\u00e9l\u00e9phone pour planifiez votre s\u00e9jour inoubliable sur la Costa Brava de G\u00e9rone.\",\"breadcrumb\":{\"@id\":\"https:\\\/\\\/labrugueradepubol.com\\\/contacteu-amb-nosaltres\\\/#breadcrumb\"},\"inLanguage\":\"fr-FR\",\"potentialAction\":[{\"@type\":\"ReadAction\",\"target\":[\"https:\\\/\\\/labrugueradepubol.com\\\/contacteu-amb-nosaltres\\\/\"]}]},{\"@type\":\"ImageObject\",\"inLanguage\":\"fr-FR\",\"@id\":\"https:\\\/\\\/labrugueradepubol.com\\\/contacteu-amb-nosaltres\\\/#primaryimage\",\"url\":\"https:\\\/\\\/labrugueradepubol.com\\\/wp-content\\\/uploads\\\/2023\\\/11\\\/ico-mail.svg\",\"contentUrl\":\"https:\\\/\\\/labrugueradepubol.com\\\/wp-content\\\/uploads\\\/2023\\\/11\\\/ico-mail.svg\"},{\"@type\":\"BreadcrumbList\",\"@id\":\"https:\\\/\\\/labrugueradepubol.com\\\/contacteu-amb-nosaltres\\\/#breadcrumb\",\"itemListElement\":[{\"@type\":\"ListItem\",\"position\":1,\"name\":\"Inici\",\"item\":\"https:\\\/\\\/labrugueradepubol.com\\\/\"},{\"@type\":\"ListItem\",\"position\":2,\"name\":\"Contactez-nous\"}]},{\"@type\":\"WebSite\",\"@id\":\"https:\\\/\\\/labrugueradepubol.com\\\/#website\",\"url\":\"https:\\\/\\\/labrugueradepubol.com\\\/\",\"name\":\"La Bruguera de Pubol\",\"description\":\"\",\"publisher\":{\"@id\":\"https:\\\/\\\/labrugueradepubol.com\\\/#organization\"},\"potentialAction\":[{\"@type\":\"SearchAction\",\"target\":{\"@type\":\"EntryPoint\",\"urlTemplate\":\"https:\\\/\\\/labrugueradepubol.com\\\/?s={search_term_string}\"},\"query-input\":{\"@type\":\"PropertyValueSpecification\",\"valueRequired\":true,\"valueName\":\"search_term_string\"}}],\"inLanguage\":\"fr-FR\"},{\"@type\":\"Organization\",\"@id\":\"https:\\\/\\\/labrugueradepubol.com\\\/#organization\",\"name\":\"La Bruguera de Pubol\",\"url\":\"https:\\\/\\\/labrugueradepubol.com\\\/\",\"logo\":{\"@type\":\"ImageObject\",\"inLanguage\":\"fr-FR\",\"@id\":\"https:\\\/\\\/labrugueradepubol.com\\\/#\\\/schema\\\/logo\\\/image\\\/\",\"url\":\"https:\\\/\\\/labrugueradepubol.com\\\/wp-content\\\/uploads\\\/2023\\\/11\\\/logo-labruguera-min.svg\",\"contentUrl\":\"https:\\\/\\\/labrugueradepubol.com\\\/wp-content\\\/uploads\\\/2023\\\/11\\\/logo-labruguera-min.svg\",\"width\":760,\"height\":218,\"caption\":\"La Bruguera de Pubol\"},\"image\":{\"@id\":\"https:\\\/\\\/labrugueradepubol.com\\\/#\\\/schema\\\/logo\\\/image\\\/\"},\"sameAs\":[\"https:\\\/\\\/www.facebook.com\\\/labrugueradepubol\\\/\",\"https:\\\/\\\/www.instagram.com\\\/labrugueradepubol\\\/\",\"https:\\\/\\\/www.youtube.com\\\/@labrugueradepubol134\",\"https:\\\/\\\/www.linkedin.com\\\/company\\\/labrugueradepubol\\\/\"]}]}<\/script>\n<!-- \/ Yoast SEO plugin. -->","yoast_head_json":{"title":"Contactez-nous \u00e0 La Bruguera de P\u00fabol","description":"Contactez-nous \u00e0 La Bruguera de P\u00fabol par Whatsapp, e-mail ou t\u00e9l\u00e9phone pour planifiez votre s\u00e9jour inoubliable sur la Costa Brava de G\u00e9rone.","robots":{"index":"index","follow":"follow","max-snippet":"max-snippet:-1","max-image-preview":"max-image-preview:large","max-video-preview":"max-video-preview:-1"},"canonical":"https:\/\/labrugueradepubol.com\/contacteu-amb-nosaltres\/","og_locale":"fr_FR","og_type":"article","og_title":"Contactez-nous \u00e0 La Bruguera de P\u00fabol","og_description":"Contactez-nous \u00e0 La Bruguera de P\u00fabol par Whatsapp, e-mail ou t\u00e9l\u00e9phone pour planifiez votre s\u00e9jour inoubliable sur la Costa Brava de G\u00e9rone.","og_url":"https:\/\/labrugueradepubol.com\/contacteu-amb-nosaltres\/","og_site_name":"La Bruguera de Pubol","article_publisher":"https:\/\/www.facebook.com\/labrugueradepubol\/","article_modified_time":"2026-05-12T11:22:01+00:00","twitter_card":"summary_large_image","schema":{"@context":"https:\/\/schema.org","@graph":[{"@type":"WebPage","@id":"https:\/\/labrugueradepubol.com\/contacteu-amb-nosaltres\/","url":"https:\/\/labrugueradepubol.com\/contacteu-amb-nosaltres\/","name":"Contactez-nous \u00e0 La Bruguera de P\u00fabol","isPartOf":{"@id":"https:\/\/labrugueradepubol.com\/#website"},"primaryImageOfPage":{"@id":"https:\/\/labrugueradepubol.com\/contacteu-amb-nosaltres\/#primaryimage"},"image":{"@id":"https:\/\/labrugueradepubol.com\/contacteu-amb-nosaltres\/#primaryimage"},"thumbnailUrl":"https:\/\/labrugueradepubol.com\/wp-content\/uploads\/2023\/11\/ico-mail.svg","datePublished":"2024-01-10T08:10:13+00:00","dateModified":"2026-05-12T11:22:01+00:00","description":"Contactez-nous \u00e0 La Bruguera de P\u00fabol par Whatsapp, e-mail ou t\u00e9l\u00e9phone pour planifiez votre s\u00e9jour inoubliable sur la Costa Brava de G\u00e9rone.","breadcrumb":{"@id":"https:\/\/labrugueradepubol.com\/contacteu-amb-nosaltres\/#breadcrumb"},"inLanguage":"fr-FR","potentialAction":[{"@type":"ReadAction","target":["https:\/\/labrugueradepubol.com\/contacteu-amb-nosaltres\/"]}]},{"@type":"ImageObject","inLanguage":"fr-FR","@id":"https:\/\/labrugueradepubol.com\/contacteu-amb-nosaltres\/#primaryimage","url":"https:\/\/labrugueradepubol.com\/wp-content\/uploads\/2023\/11\/ico-mail.svg","contentUrl":"https:\/\/labrugueradepubol.com\/wp-content\/uploads\/2023\/11\/ico-mail.svg"},{"@type":"BreadcrumbList","@id":"https:\/\/labrugueradepubol.com\/contacteu-amb-nosaltres\/#breadcrumb","itemListElement":[{"@type":"ListItem","position":1,"name":"Inici","item":"https:\/\/labrugueradepubol.com\/"},{"@type":"ListItem","position":2,"name":"Contactez-nous"}]},{"@type":"WebSite","@id":"https:\/\/labrugueradepubol.com\/#website","url":"https:\/\/labrugueradepubol.com\/","name":"La Bruguera de Pubol","description":"","publisher":{"@id":"https:\/\/labrugueradepubol.com\/#organization"},"potentialAction":[{"@type":"SearchAction","target":{"@type":"EntryPoint","urlTemplate":"https:\/\/labrugueradepubol.com\/?s={search_term_string}"},"query-input":{"@type":"PropertyValueSpecification","valueRequired":true,"valueName":"search_term_string"}}],"inLanguage":"fr-FR"},{"@type":"Organization","@id":"https:\/\/labrugueradepubol.com\/#organization","name":"La Bruguera de Pubol","url":"https:\/\/labrugueradepubol.com\/","logo":{"@type":"ImageObject","inLanguage":"fr-FR","@id":"https:\/\/labrugueradepubol.com\/#\/schema\/logo\/image\/","url":"https:\/\/labrugueradepubol.com\/wp-content\/uploads\/2023\/11\/logo-labruguera-min.svg","contentUrl":"https:\/\/labrugueradepubol.com\/wp-content\/uploads\/2023\/11\/logo-labruguera-min.svg","width":760,"height":218,"caption":"La Bruguera de Pubol"},"image":{"@id":"https:\/\/labrugueradepubol.com\/#\/schema\/logo\/image\/"},"sameAs":["https:\/\/www.facebook.com\/labrugueradepubol\/","https:\/\/www.instagram.com\/labrugueradepubol\/","https:\/\/www.youtube.com\/@labrugueradepubol134","https:\/\/www.linkedin.com\/company\/labrugueradepubol\/"]}]}},"_links":{"self":[{"href":"https:\/\/labrugueradepubol.com\/fr\/wp-json\/wp\/v2\/pages\/5644","targetHints":{"allow":["GET"]}}],"collection":[{"href":"https:\/\/labrugueradepubol.com\/fr\/wp-json\/wp\/v2\/pages"}],"about":[{"href":"https:\/\/labrugueradepubol.com\/fr\/wp-json\/wp\/v2\/types\/page"}],"author":[{"embeddable":true,"href":"https:\/\/labrugueradepubol.com\/fr\/wp-json\/wp\/v2\/users\/1"}],"replies":[{"embeddable":true,"href":"https:\/\/labrugueradepubol.com\/fr\/wp-json\/wp\/v2\/comments?post=5644"}],"version-history":[{"count":1,"href":"https:\/\/labrugueradepubol.com\/fr\/wp-json\/wp\/v2\/pages\/5644\/revisions"}],"predecessor-version":[{"id":6575,"href":"https:\/\/labrugueradepubol.com\/fr\/wp-json\/wp\/v2\/pages\/5644\/revisions\/6575"}],"wp:attachment":[{"href":"https:\/\/labrugueradepubol.com\/fr\/wp-json\/wp\/v2\/media?parent=5644"}],"curies":[{"name":"wp","href":"https:\/\/api.w.org\/{rel}","templated":true}]}}