{"id":5639,"date":"2024-04-08T11:00:00","date_gmt":"2024-04-08T09:00:00","guid":{"rendered":"https:\/\/labrugueradepubol.com\/mentions-legales\/"},"modified":"2026-05-07T10:56:35","modified_gmt":"2026-05-07T08:56:35","slug":"mentions-legales","status":"publish","type":"page","link":"https:\/\/labrugueradepubol.com\/fr\/mentions-legales\/","title":{"rendered":"Mentions l\u00e9gales"},"content":{"rendered":"<p><span style=\"font-weight: 400;\">Le domaine :<\/span> <a href=\"http:\/\/www.playbrand.info\/\"><span style=\"font-weight: 400;\">https:\/\/labrugueradepubol.com\/<\/span><\/a> <span style=\"font-weight: 400;\">est la propri\u00e9t\u00e9 de La Bruguera de P\u00fabol, compos\u00e9e de Michael Duff, avec le NIE et le num\u00e9ro de TVA UE ES-Y4095243-S, et Michelle Wilson, NIE Y4085700-V, domicili\u00e9es \u00e0 La Bruguera de P\u00fabol, 17120, P\u00fabol, Girona, 17120. Vous pouvez les contacter par t\u00e9l\u00e9phone au 34 630 802 901 ou par e-mail \u00e0 relax@labrugueradepubol.com.<\/span><\/p>\n<h4> Propri\u00e9t\u00e9 intellectuelle<\/h4>\n<p> <span style=\"font-weight: 400;\">L&rsquo;ensemble du contenu de ce site Web est prot\u00e9g\u00e9 par des droits de propri\u00e9t\u00e9 industrielle et intellectuelle, que tout utilisateur de ce site Web doit respecter. Toute distribution, communication ou reproduction du contenu de ce site Web est interdite, sauf pour un usage priv\u00e9, ou avec l&rsquo;autorisation pr\u00e9alable et expresse de La Bruguera de P\u00fabol.<\/span><\/p>\n<h4> Responsabilit\u00e9 des liens<\/h4>\n<p> <span style=\"font-weight: 400;\">La Bruguera de P\u00fabol inclut sur ses sites Web de nombreux liens vers des pages de partenaires, de collaborateurs et d&rsquo;autres entreprises. Ceux-ci sont fournis de bonne foi, dans le but de mettre en valeur le travail fourni par ces autres organisations. La Bruguera de P\u00fabol n&rsquo;est pas responsable du contenu, commercial, pratique ou autre, d&rsquo;aucun de ces autres sites Web, ni des informations ou services qui y sont li\u00e9s.<\/span><\/p>\n<h4> Protection des donn\u00e9es<\/h4>\n<p> <span style=\"font-weight: 400;\">Conform\u00e9ment \u00e0 la loi organique 15\/1999, du 13 d\u00e9cembre, sur la protection des donn\u00e9es personnelles (connue sous le nom de LOPD en Espagne), nous devons vous informer que vos donn\u00e9es personnelles peuvent \u00eatre incorpor\u00e9es dans des fichiers appartenant \u00e0 La Bruguera de P\u00fabol, pour mieux vous servir, r\u00e9pondre aux demandes d&rsquo;informations, aux propositions budg\u00e9taires ou envoyer notre bulletin d&rsquo;entreprise avec des informations sur les \u00e9v\u00e9nements, les changements ou les actualit\u00e9s li\u00e9s \u00e0 La Bruguera de P\u00fabol.<\/span> <span style=\"font-weight: 400;\">Vous pouvez exercer \u00e0 tout moment les droits d&rsquo;acc\u00e8s, de rectification, d&rsquo;annulation ou d&rsquo;opposition figurant dans cette loi, en \u00e9crivant \u00e0 La Bruguera de P\u00fabol, 17120, P\u00fabol, G\u00e9rone, Espagne, avec l&rsquo;objet intitul\u00e9 \u00ab Protection des donn\u00e9es \u00bb.<\/span><\/p>\n","protected":false},"excerpt":{"rendered":"<p>Le domaine : https:\/\/labrugueradepubol.com\/ est la propri\u00e9t\u00e9 de La Bruguera de P\u00fabol, compos\u00e9e de Michael Duff, avec le NIE et le num\u00e9ro de TVA UE ES-Y4095243-S, et Michelle Wilson, NIE Y4085700-V, domicili\u00e9es \u00e0 La Bruguera de P\u00fabol, 17120, P\u00fabol, Girona, 17120. Vous pouvez les contacter par t\u00e9l\u00e9phone au 34 630 802 901 ou par e-mail [&hellip;]<\/p>\n","protected":false},"author":1,"featured_media":0,"parent":0,"menu_order":0,"comment_status":"closed","ping_status":"closed","template":"","meta":{"_acf_changed":false,"footnotes":""},"class_list":["post-5639","page","type-page","status-publish","hentry"],"acf":[],"yoast_head":"<!-- This site is optimized with the Yoast SEO plugin v27.6 - https:\/\/yoast.com\/product\/yoast-seo-wordpress\/ -->\n<title>Mentions l\u00e9gales La Bruguera de P\u00fabol<\/title>\n<meta name=\"description\" content=\"Mentions l\u00e9gales La Bruguera de P\u00fabol : Vous trouverez ici toutes les informations l\u00e9gales pertinentes concernant ce site web dont vous avez besoin.\" \/>\n<meta name=\"robots\" content=\"index, follow, max-snippet:-1, max-image-preview:large, max-video-preview:-1\" \/>\n<link rel=\"canonical\" href=\"https:\/\/labrugueradepubol.com\/fr\/mentions-legales\/\" \/>\n<meta property=\"og:locale\" content=\"fr_FR\" \/>\n<meta property=\"og:type\" content=\"article\" \/>\n<meta property=\"og:title\" content=\"Mentions l\u00e9gales La Bruguera de P\u00fabol\" \/>\n<meta property=\"og:description\" content=\"Mentions l\u00e9gales La Bruguera de P\u00fabol : Vous trouverez ici toutes les informations l\u00e9gales pertinentes concernant ce site web dont vous avez besoin.\" \/>\n<meta property=\"og:url\" content=\"https:\/\/labrugueradepubol.com\/fr\/mentions-legales\/\" \/>\n<meta property=\"og:site_name\" content=\"La Bruguera de Pubol\" \/>\n<meta property=\"article:publisher\" content=\"https:\/\/www.facebook.com\/labrugueradepubol\/\" \/>\n<meta property=\"article:modified_time\" content=\"2026-05-07T08:56:35+00:00\" \/>\n<meta name=\"twitter:card\" content=\"summary_large_image\" \/>\n<meta name=\"twitter:label1\" content=\"Dur\u00e9e de lecture estim\u00e9e\" \/>\n\t<meta name=\"twitter:data1\" content=\"2 minutes\" \/>\n<script type=\"application\/ld+json\" class=\"yoast-schema-graph\">{\"@context\":\"https:\\\/\\\/schema.org\",\"@graph\":[{\"@type\":\"WebPage\",\"@id\":\"https:\\\/\\\/labrugueradepubol.com\\\/fr\\\/mentions-legales\\\/\",\"url\":\"https:\\\/\\\/labrugueradepubol.com\\\/fr\\\/mentions-legales\\\/\",\"name\":\"Mentions l\u00e9gales La Bruguera de P\u00fabol\",\"isPartOf\":{\"@id\":\"https:\\\/\\\/labrugueradepubol.com\\\/#website\"},\"datePublished\":\"2024-04-08T09:00:00+00:00\",\"dateModified\":\"2026-05-07T08:56:35+00:00\",\"description\":\"Mentions l\u00e9gales La Bruguera de P\u00fabol : Vous trouverez ici toutes les informations l\u00e9gales pertinentes concernant ce site web dont vous avez besoin.\",\"breadcrumb\":{\"@id\":\"https:\\\/\\\/labrugueradepubol.com\\\/fr\\\/mentions-legales\\\/#breadcrumb\"},\"inLanguage\":\"fr-FR\",\"potentialAction\":[{\"@type\":\"ReadAction\",\"target\":[\"https:\\\/\\\/labrugueradepubol.com\\\/fr\\\/mentions-legales\\\/\"]}]},{\"@type\":\"BreadcrumbList\",\"@id\":\"https:\\\/\\\/labrugueradepubol.com\\\/fr\\\/mentions-legales\\\/#breadcrumb\",\"itemListElement\":[{\"@type\":\"ListItem\",\"position\":1,\"name\":\"Inici\",\"item\":\"https:\\\/\\\/labrugueradepubol.com\\\/\"},{\"@type\":\"ListItem\",\"position\":2,\"name\":\"Mentions l\u00e9gales\"}]},{\"@type\":\"WebSite\",\"@id\":\"https:\\\/\\\/labrugueradepubol.com\\\/#website\",\"url\":\"https:\\\/\\\/labrugueradepubol.com\\\/\",\"name\":\"La Bruguera de Pubol\",\"description\":\"\",\"publisher\":{\"@id\":\"https:\\\/\\\/labrugueradepubol.com\\\/#organization\"},\"potentialAction\":[{\"@type\":\"SearchAction\",\"target\":{\"@type\":\"EntryPoint\",\"urlTemplate\":\"https:\\\/\\\/labrugueradepubol.com\\\/?s={search_term_string}\"},\"query-input\":{\"@type\":\"PropertyValueSpecification\",\"valueRequired\":true,\"valueName\":\"search_term_string\"}}],\"inLanguage\":\"fr-FR\"},{\"@type\":\"Organization\",\"@id\":\"https:\\\/\\\/labrugueradepubol.com\\\/#organization\",\"name\":\"La Bruguera de Pubol\",\"url\":\"https:\\\/\\\/labrugueradepubol.com\\\/\",\"logo\":{\"@type\":\"ImageObject\",\"inLanguage\":\"fr-FR\",\"@id\":\"https:\\\/\\\/labrugueradepubol.com\\\/#\\\/schema\\\/logo\\\/image\\\/\",\"url\":\"https:\\\/\\\/labrugueradepubol.com\\\/wp-content\\\/uploads\\\/2023\\\/11\\\/logo-labruguera-min.svg\",\"contentUrl\":\"https:\\\/\\\/labrugueradepubol.com\\\/wp-content\\\/uploads\\\/2023\\\/11\\\/logo-labruguera-min.svg\",\"width\":760,\"height\":218,\"caption\":\"La Bruguera de Pubol\"},\"image\":{\"@id\":\"https:\\\/\\\/labrugueradepubol.com\\\/#\\\/schema\\\/logo\\\/image\\\/\"},\"sameAs\":[\"https:\\\/\\\/www.facebook.com\\\/labrugueradepubol\\\/\",\"https:\\\/\\\/www.instagram.com\\\/labrugueradepubol\\\/\",\"https:\\\/\\\/www.youtube.com\\\/@labrugueradepubol134\",\"https:\\\/\\\/www.linkedin.com\\\/company\\\/labrugueradepubol\\\/\"]}]}<\/script>\n<!-- \/ Yoast SEO plugin. -->","yoast_head_json":{"title":"Mentions l\u00e9gales La Bruguera de P\u00fabol","description":"Mentions l\u00e9gales La Bruguera de P\u00fabol : Vous trouverez ici toutes les informations l\u00e9gales pertinentes concernant ce site web dont vous avez besoin.","robots":{"index":"index","follow":"follow","max-snippet":"max-snippet:-1","max-image-preview":"max-image-preview:large","max-video-preview":"max-video-preview:-1"},"canonical":"https:\/\/labrugueradepubol.com\/fr\/mentions-legales\/","og_locale":"fr_FR","og_type":"article","og_title":"Mentions l\u00e9gales La Bruguera de P\u00fabol","og_description":"Mentions l\u00e9gales La Bruguera de P\u00fabol : Vous trouverez ici toutes les informations l\u00e9gales pertinentes concernant ce site web dont vous avez besoin.","og_url":"https:\/\/labrugueradepubol.com\/fr\/mentions-legales\/","og_site_name":"La Bruguera de Pubol","article_publisher":"https:\/\/www.facebook.com\/labrugueradepubol\/","article_modified_time":"2026-05-07T08:56:35+00:00","twitter_card":"summary_large_image","twitter_misc":{"Dur\u00e9e de lecture estim\u00e9e":"2 minutes"},"schema":{"@context":"https:\/\/schema.org","@graph":[{"@type":"WebPage","@id":"https:\/\/labrugueradepubol.com\/fr\/mentions-legales\/","url":"https:\/\/labrugueradepubol.com\/fr\/mentions-legales\/","name":"Mentions l\u00e9gales La Bruguera de P\u00fabol","isPartOf":{"@id":"https:\/\/labrugueradepubol.com\/#website"},"datePublished":"2024-04-08T09:00:00+00:00","dateModified":"2026-05-07T08:56:35+00:00","description":"Mentions l\u00e9gales La Bruguera de P\u00fabol : Vous trouverez ici toutes les informations l\u00e9gales pertinentes concernant ce site web dont vous avez besoin.","breadcrumb":{"@id":"https:\/\/labrugueradepubol.com\/fr\/mentions-legales\/#breadcrumb"},"inLanguage":"fr-FR","potentialAction":[{"@type":"ReadAction","target":["https:\/\/labrugueradepubol.com\/fr\/mentions-legales\/"]}]},{"@type":"BreadcrumbList","@id":"https:\/\/labrugueradepubol.com\/fr\/mentions-legales\/#breadcrumb","itemListElement":[{"@type":"ListItem","position":1,"name":"Inici","item":"https:\/\/labrugueradepubol.com\/"},{"@type":"ListItem","position":2,"name":"Mentions l\u00e9gales"}]},{"@type":"WebSite","@id":"https:\/\/labrugueradepubol.com\/#website","url":"https:\/\/labrugueradepubol.com\/","name":"La Bruguera de Pubol","description":"","publisher":{"@id":"https:\/\/labrugueradepubol.com\/#organization"},"potentialAction":[{"@type":"SearchAction","target":{"@type":"EntryPoint","urlTemplate":"https:\/\/labrugueradepubol.com\/?s={search_term_string}"},"query-input":{"@type":"PropertyValueSpecification","valueRequired":true,"valueName":"search_term_string"}}],"inLanguage":"fr-FR"},{"@type":"Organization","@id":"https:\/\/labrugueradepubol.com\/#organization","name":"La Bruguera de Pubol","url":"https:\/\/labrugueradepubol.com\/","logo":{"@type":"ImageObject","inLanguage":"fr-FR","@id":"https:\/\/labrugueradepubol.com\/#\/schema\/logo\/image\/","url":"https:\/\/labrugueradepubol.com\/wp-content\/uploads\/2023\/11\/logo-labruguera-min.svg","contentUrl":"https:\/\/labrugueradepubol.com\/wp-content\/uploads\/2023\/11\/logo-labruguera-min.svg","width":760,"height":218,"caption":"La Bruguera de Pubol"},"image":{"@id":"https:\/\/labrugueradepubol.com\/#\/schema\/logo\/image\/"},"sameAs":["https:\/\/www.facebook.com\/labrugueradepubol\/","https:\/\/www.instagram.com\/labrugueradepubol\/","https:\/\/www.youtube.com\/@labrugueradepubol134","https:\/\/www.linkedin.com\/company\/labrugueradepubol\/"]}]}},"_links":{"self":[{"href":"https:\/\/labrugueradepubol.com\/fr\/wp-json\/wp\/v2\/pages\/5639","targetHints":{"allow":["GET"]}}],"collection":[{"href":"https:\/\/labrugueradepubol.com\/fr\/wp-json\/wp\/v2\/pages"}],"about":[{"href":"https:\/\/labrugueradepubol.com\/fr\/wp-json\/wp\/v2\/types\/page"}],"author":[{"embeddable":true,"href":"https:\/\/labrugueradepubol.com\/fr\/wp-json\/wp\/v2\/users\/1"}],"replies":[{"embeddable":true,"href":"https:\/\/labrugueradepubol.com\/fr\/wp-json\/wp\/v2\/comments?post=5639"}],"version-history":[{"count":0,"href":"https:\/\/labrugueradepubol.com\/fr\/wp-json\/wp\/v2\/pages\/5639\/revisions"}],"wp:attachment":[{"href":"https:\/\/labrugueradepubol.com\/fr\/wp-json\/wp\/v2\/media?parent=5639"}],"curies":[{"name":"wp","href":"https:\/\/api.w.org\/{rel}","templated":true}]}}